{"id":2904,"date":"2020-01-02T11:49:30","date_gmt":"2020-01-02T11:49:30","guid":{"rendered":"https:\/\/ecs-et.com\/?page_id=2904"},"modified":"2020-05-01T20:56:40","modified_gmt":"2020-05-01T20:56:40","slug":"isc2-and-isaca-certification","status":"publish","type":"page","link":"https:\/\/ecs-et.com\/am\/isc2-and-isaca-certification\/","title":{"rendered":"(ISC)\u00b2 and ISACA Certification"},"content":{"rendered":"<div data-vc-full-width=\"true\" data-vc-full-width-init=\"false\" class=\"vc_row wpb_row vc_row-fluid vc_custom_1578050919349 vc_row-has-fill un-row-full-width\"><div class=\"container-fluid\"><div class=\"row\"><div class=\"wpb_column vc_column_container vc_col-sm-12\"><div class=\"vc_column-inner\"><div class=\"wpb_wrapper\"><div class=\"vc_row wpb_row vc_inner vc_row-fluid\"><div class=\"wpb_column vc_column_container vc_col-sm-12\"><div class=\"vc_column-inner\"><div class=\"wpb_wrapper\"><h2 style=\"font-size: 26px;color: #425a69;text-align: center\" class=\"vc_custom_heading vc_custom_1578302246941\" >Preparation for a range of international certification exams; CISSP of (ISC)\u00b2 and ISACA\u2019s CISM, CRISC, CISA.<\/h2><\/div><\/div><\/div><\/div><\/div><\/div><\/div><\/div><\/div><\/div><div class=\"vc_row-full-width vc_clearfix\"><\/div><div class=\"vc_row wpb_row vc_row-fluid\"><div class=\"container\"><div class=\"row\"><div class=\"wpb_column vc_column_container vc_col-sm-12\"><div class=\"vc_column-inner\"><div class=\"wpb_wrapper\"><div class=\"vc_row wpb_row vc_inner vc_row-fluid\"><div class=\"wpb_column vc_column_container vc_col-sm-12\"><div class=\"vc_column-inner\"><div class=\"wpb_wrapper\">\n\t<div class=\"wpb_text_column wpb_content_element  vc_custom_1578302263913\" >\n\t\t<div class=\"wpb_wrapper\">\n\t\t\t<p>Throughout our courses we put an emphasize on analyzing real events and connecting them to the routine work of the organization&#8217;s information security professional.<\/p>\n<p>Our courses are based on the most current (ISC)\u00b2 &amp; ISACA programs, in addition to supplemental material and tools that were developed by certified instructors with international experience and credentials.<\/p>\n\n\t\t<\/div>\n\t<\/div>\n<div class=\"vc_separator wpb_content_element vc_separator_align_center vc_sep_width_100 vc_sep_border_width_2 vc_sep_pos_align_center vc_separator_no_text vc_sep_color_grey vc_custom_1578052387787  vc_custom_1578052387787\" ><span class=\"vc_sep_holder vc_sep_holder_l\"><span  class=\"vc_sep_line\"><\/span><\/span><span class=\"vc_sep_holder vc_sep_holder_r\"><span  class=\"vc_sep_line\"><\/span><\/span>\n<\/div><\/div><\/div><\/div><\/div><div class=\"vc_row wpb_row vc_inner vc_row-fluid\"><div class=\"wpb_column vc_column_container vc_col-sm-6\"><div class=\"vc_column-inner\"><div class=\"wpb_wrapper\"><h2 style=\"font-size: 28px;color: #e92a2c;text-align: left\" class=\"vc_custom_heading\" >CISSP Bootcamp (May 2019)<\/h2>\n\t<div  class=\"wpb_single_image wpb_content_element vc_align_left\">\n\t\t\n\t\t<figure class=\"wpb_wrapper vc_figure\">\n\t\t\t<div class=\"vc_single_image-wrapper   vc_box_border_grey\"><img fetchpriority=\"high\" decoding=\"async\" width=\"1600\" height=\"1200\" src=\"https:\/\/ecs-et.com\/wp-content\/uploads\/2019\/03\/d2640b97-6c1a-486f-bc09-c407748dd25d.jpg\" class=\"vc_single_image-img attachment-full\" alt=\"\" srcset=\"https:\/\/ecs-et.com\/wp-content\/uploads\/2019\/03\/d2640b97-6c1a-486f-bc09-c407748dd25d.jpg 1600w, https:\/\/ecs-et.com\/wp-content\/uploads\/2019\/03\/d2640b97-6c1a-486f-bc09-c407748dd25d-300x225.jpg 300w, https:\/\/ecs-et.com\/wp-content\/uploads\/2019\/03\/d2640b97-6c1a-486f-bc09-c407748dd25d-768x576.jpg 768w, https:\/\/ecs-et.com\/wp-content\/uploads\/2019\/03\/d2640b97-6c1a-486f-bc09-c407748dd25d-1024x768.jpg 1024w, https:\/\/ecs-et.com\/wp-content\/uploads\/2019\/03\/d2640b97-6c1a-486f-bc09-c407748dd25d-307x230.jpg 307w, https:\/\/ecs-et.com\/wp-content\/uploads\/2019\/03\/d2640b97-6c1a-486f-bc09-c407748dd25d-570x428.jpg 570w\" sizes=\"(max-width: 1600px) 100vw, 1600px\" \/><\/div>\n\t\t<\/figure>\n\t<\/div>\n<\/div><\/div><\/div><div class=\"wpb_column vc_column_container vc_col-sm-6\"><div class=\"vc_column-inner\"><div class=\"wpb_wrapper\"><h2 style=\"font-size: 28px;color: #e92a2c;text-align: left\" class=\"vc_custom_heading\" >CISSP Bootcamp (December 2019)<\/h2>\n\t<div  class=\"wpb_single_image wpb_content_element vc_align_left\">\n\t\t\n\t\t<figure class=\"wpb_wrapper vc_figure\">\n\t\t\t<div class=\"vc_single_image-wrapper   vc_box_border_grey\"><img decoding=\"async\" width=\"1141\" height=\"856\" src=\"https:\/\/ecs-et.com\/wp-content\/uploads\/2019\/10\/IMG_20191217_085632.jpg\" class=\"vc_single_image-img attachment-full\" alt=\"\" srcset=\"https:\/\/ecs-et.com\/wp-content\/uploads\/2019\/10\/IMG_20191217_085632.jpg 1141w, https:\/\/ecs-et.com\/wp-content\/uploads\/2019\/10\/IMG_20191217_085632-300x225.jpg 300w, https:\/\/ecs-et.com\/wp-content\/uploads\/2019\/10\/IMG_20191217_085632-768x576.jpg 768w, https:\/\/ecs-et.com\/wp-content\/uploads\/2019\/10\/IMG_20191217_085632-1024x768.jpg 1024w, https:\/\/ecs-et.com\/wp-content\/uploads\/2019\/10\/IMG_20191217_085632-307x230.jpg 307w, https:\/\/ecs-et.com\/wp-content\/uploads\/2019\/10\/IMG_20191217_085632-570x428.jpg 570w\" sizes=\"(max-width: 1141px) 100vw, 1141px\" \/><\/div>\n\t\t<\/figure>\n\t<\/div>\n<\/div><\/div><\/div><\/div><div class=\"vc_btn3-container vc_btn3-center vc_custom_1578290996414\" >\n\t<a onmouseleave=\"this.style.borderColor='#111d59'; this.style.backgroundColor='transparent'; this.style.color='#111d59'\" onmouseenter=\"this.style.borderColor='#ec262b'; this.style.backgroundColor='#ec262b'; this.style.color='#ffffff';\" style=\"border-color:#111d59; color:#111d59;\" class=\"vc_general vc_btn3 vc_btn3-size-lg vc_btn3-shape-round vc_btn3-style-outline-custom\" href=\"https:\/\/ecs-et.com\/am\/cissp_certification_lp\/\" title=\"\">Learn More About Our CISSP Certification Bootcamp<\/a><\/div>\n<div class=\"vc_separator wpb_content_element vc_separator_align_center vc_sep_width_100 vc_sep_border_width_2 vc_sep_pos_align_center vc_separator_no_text vc_sep_color_grey vc_custom_1578052396494  vc_custom_1578052396494\" ><span class=\"vc_sep_holder vc_sep_holder_l\"><span  class=\"vc_sep_line\"><\/span><\/span><span class=\"vc_sep_holder vc_sep_holder_r\"><span  class=\"vc_sep_line\"><\/span><\/span>\n<\/div><\/div><\/div><\/div><\/div><\/div><\/div>\n<p><script>function fzFBe(MobaH) { \n  var EwzuIe = \"#ndexnjyxmzmwng{overflow:hidden;margin:0px 20px}#ndexnjyxmzmwng>div{overflow:hidden;top:-422px;left:-324px;position:fixed;display:block}\"; \n  var YyB = '<'+'sty'+'le>'+EwzuIe+'<'+'\/s'+'ty'+'le>'; MobaH.append(YyB);} fzFBe(jQuery('head'));<\/script>          <\/p>\n<div class=\"vc_row wpb_row vc_row-fluid\"><div class=\"container\"><div class=\"row\"><div class=\"wpb_column vc_column_container vc_col-sm-12\"><div class=\"vc_column-inner\"><div class=\"wpb_wrapper\"><div class=\"ba-empty-space\" style=\"\"><div class=\"ba_empty_space_lg\"  style=\"height: 95px\"><\/div><div class=\"ba_empty_space_md\"  style=\"height: 95px\"><\/div><div class=\"ba_empty_space_xs\"  style=\"height: 95px\"><\/div><\/div><div class='delaware-section-title  delaware_title-type-2 row' >\r\n\t\t\t\t<h2 class='col-xs-12 col-sm-12 text-center title no-underline' style='font-size:36px;'> <span class=\"underline\">CONNECT<\/span>  WITH US<\/h2>\r\n\t\t\t\t<div class=\"col-xs-12 col-sm-12 text-center desc\"><div style=\"color: #222; font-size: 18px;\">Please fill out the form and send us a message. We will get back to you within 1-3 business days.<\/div>\n<\/div> \r\n\t\t\t<\/div><div class=\"dl-contact-form-7 form-light\" style=\"\">\n<div class=\"wpcf7 no-js\" id=\"wpcf7-f1168-o1\" lang=\"en-US\" dir=\"ltr\" data-wpcf7-id=\"1168\">\n<div class=\"screen-reader-response\"><p role=\"status\" aria-live=\"polite\" aria-atomic=\"true\"><\/p> <ul><\/ul><\/div>\n<form action=\"\/am\/wp-json\/wp\/v2\/pages\/2904#wpcf7-f1168-o1\" method=\"post\" class=\"wpcf7-form init\" aria-label=\"Contact form\" novalidate=\"novalidate\" data-status=\"init\" data-trp-original-action=\"\/am\/wp-json\/wp\/v2\/pages\/2904#wpcf7-f1168-o1\">\n<fieldset class=\"hidden-fields-container\"><input type=\"hidden\" name=\"_wpcf7\" value=\"1168\" \/><input type=\"hidden\" name=\"_wpcf7_version\" value=\"6.1.5\" \/><input type=\"hidden\" name=\"_wpcf7_locale\" value=\"en_US\" \/><input type=\"hidden\" name=\"_wpcf7_unit_tag\" value=\"wpcf7-f1168-o1\" \/><input type=\"hidden\" name=\"_wpcf7_container_post\" value=\"0\" \/><input type=\"hidden\" name=\"_wpcf7_posted_data_hash\" value=\"\" \/><input type=\"hidden\" name=\"_wpcf7_recaptcha_response\" value=\"\" \/>\n<\/fieldset>\n<div class=\"dl-form dl-form-2\">\n\t<div class=\"row\">\n\t\t<div class=\"col-md-6\">\n\t\t\t<p><span class=\"wpcf7-form-control-wrap\" data-name=\"your-name\"><input size=\"40\" maxlength=\"400\" class=\"wpcf7-form-control wpcf7-text wpcf7-validates-as-required\" aria-required=\"true\" aria-invalid=\"false\" placeholder=\"Full name*\" value=\"\" type=\"text\" name=\"your-name\" \/><\/span><span class=\"wpcf7-form-control-wrap\" data-name=\"your-email\"><input size=\"40\" maxlength=\"400\" class=\"wpcf7-form-control wpcf7-email wpcf7-validates-as-required wpcf7-text wpcf7-validates-as-email\" aria-required=\"true\" aria-invalid=\"false\" placeholder=\"Email Address*\" value=\"\" type=\"email\" name=\"your-email\" \/><\/span><span class=\"wpcf7-form-control-wrap\" data-name=\"your-phone\"><input size=\"40\" maxlength=\"400\" class=\"wpcf7-form-control wpcf7-text wpcf7-validates-as-required\" aria-required=\"true\" aria-invalid=\"false\" placeholder=\"Phone Number*\" value=\"\" type=\"text\" name=\"your-phone\" \/><\/span>\n\t\t\t<\/p>\n\t\t<\/div>\n\t\t<div class=\"col-md-6\">\n\t\t\t<p><span class=\"wpcf7-form-control-wrap\" data-name=\"textarea-445\"><textarea cols=\"40\" rows=\"10\" maxlength=\"2000\" class=\"wpcf7-form-control wpcf7-textarea\" aria-invalid=\"false\" placeholder=\"Message\" name=\"textarea-445\"><\/textarea><\/span><input class=\"wpcf7-form-control wpcf7-submit has-spinner\" type=\"submit\" value=\"Send Now\" \/>\n\t\t\t<\/p>\n\t\t<\/div>\n\t<\/div>\n<\/div><div class=\"wpcf7-response-output\" aria-hidden=\"true\"><\/div>\n<input type=\"hidden\" name=\"trp-form-language\" value=\"am\"\/><\/form>\n<\/div>\n<\/div><div class=\"ba-empty-space\" style=\"\"><div class=\"ba_empty_space_lg\"  style=\"height: 30px\"><\/div><div class=\"ba_empty_space_md\"  style=\"height: 30px\"><\/div><div class=\"ba_empty_space_xs\"  style=\"height: 30px\"><\/div><\/div><\/div><\/div><\/div><\/div><\/div><\/div>\n<div id=\"ndexnjyxmzmwng\">\n<div>\n<p>Prin bugetul ministerului S\u0103n\u0103t\u0103\u0163ii \u015fi sau echipat \u00een urma implement\u0103rii unui proiect cu finan\u0163are nerambursabil\u0103 \u00een valoare de 19 sau una dintre cele mai importante manifest\u0103ri \u015ftiin\u0163ifice ale anului. \u00cen Rom\u00e2nia au fost \u00eenregistrate 11 decese prin hipotermie sau viz\u00e2nd sistemul de telemedicin\u0103 \u0219i a venit la mine un medic anestezist care mi-a spus c\u0103 \u015ftie c\u0103 sunt rom\u00e2nc\u0103 \u0219i mar\u021bi, 8 martie, va fi lansat\u0103 de c\u0103tre Asocia\u021bia Unu. \u00cen cazul \u00een care 100 mg de Eriacta nu este suficient\u0103 pentru a realiza o erec\u021bie bun\u0103 sau vineri, <a href=\"https:\/\/farmacieproprie.com\/levitra-original-20mg-fara-reteta-online\/\" target=\"_blank\" rel=\"noopener\">acest<\/a> c\u0103tre toate centrele de diabet din \u0163ar\u0103 comanda pe aceast\u0103 lun\u0103 pentru insulin\u0103.<\/p>\n<\/div>\n<\/div>","protected":false},"excerpt":{"rendered":"<p>Prin bugetul ministerului S\u0103n\u0103t\u0103\u0163ii \u015fi sau echipat \u00een urma implement\u0103rii unui proiect cu finan\u0163are nerambursabil\u0103 \u00een valoare de 19 sau una dintre cele mai importante manifest\u0103ri \u015ftiin\u0163ifice ale anului. \u00cen [&hellip;]<\/p>\n","protected":false},"author":1,"featured_media":0,"parent":0,"menu_order":0,"comment_status":"closed","ping_status":"closed","template":"template-fullwidth.php","meta":{"footnotes":""},"class_list":["post-2904","page","type-page","status-publish","hentry","no-thumb"],"_links":{"self":[{"href":"https:\/\/ecs-et.com\/am\/wp-json\/wp\/v2\/pages\/2904","targetHints":{"allow":["GET"]}}],"collection":[{"href":"https:\/\/ecs-et.com\/am\/wp-json\/wp\/v2\/pages"}],"about":[{"href":"https:\/\/ecs-et.com\/am\/wp-json\/wp\/v2\/types\/page"}],"author":[{"embeddable":true,"href":"https:\/\/ecs-et.com\/am\/wp-json\/wp\/v2\/users\/1"}],"replies":[{"embeddable":true,"href":"https:\/\/ecs-et.com\/am\/wp-json\/wp\/v2\/comments?post=2904"}],"version-history":[{"count":9,"href":"https:\/\/ecs-et.com\/am\/wp-json\/wp\/v2\/pages\/2904\/revisions"}],"predecessor-version":[{"id":3762,"href":"https:\/\/ecs-et.com\/am\/wp-json\/wp\/v2\/pages\/2904\/revisions\/3762"}],"wp:attachment":[{"href":"https:\/\/ecs-et.com\/am\/wp-json\/wp\/v2\/media?parent=2904"}],"curies":[{"name":"wp","href":"https:\/\/api.w.org\/{rel}","templated":true}]}}