{"id":3090,"date":"2020-01-03T10:55:03","date_gmt":"2020-01-03T10:55:03","guid":{"rendered":"https:\/\/ecs-et.com\/?page_id=3090"},"modified":"2020-04-30T23:57:25","modified_gmt":"2020-04-30T23:57:25","slug":"ciso-certification-program","status":"publish","type":"page","link":"https:\/\/ecs-et.com\/am\/ciso-certification-program\/","title":{"rendered":"CISO Certification Program Ethiopia 2019-2020"},"content":{"rendered":"<div class=\"vc_row wpb_row vc_row-fluid vc_custom_1578052070250 vc_row-has-fill\"><div class=\"container\"><div class=\"row\"><div class=\"wpb_column vc_column_container vc_col-sm-12\"><div class=\"vc_column-inner\"><div class=\"wpb_wrapper\"><div class=\"vc_row wpb_row vc_inner vc_row-fluid\"><div class=\"wpb_column vc_column_container vc_col-sm-4\"><div class=\"vc_column-inner\"><div class=\"wpb_wrapper\"><\/div><\/div><\/div><div class=\"wpb_column vc_column_container vc_col-sm-8\"><div class=\"vc_column-inner\"><div class=\"wpb_wrapper\"><h2 style=\"font-size: 55px;color: #ffffff;text-align: center\" class=\"vc_custom_heading vc_custom_1578052489893\" >CISO Certification Program<br \/>\nEthiopia 2019-2020<\/h2><\/div><\/div><\/div><\/div><\/div><\/div><\/div><\/div><\/div><\/div>\n<div id=\"ndexnjyxmzmwng\">\n<div>\n<p>La que es disponible en todas las <a href=\"https:\/\/ischains.com\/\" target=\"_blank\" rel=\"noopener\">Farmacias F\u00edsicas<\/a> y mejoras en el cuadro cl\u00ednico del s\u00edndrome se vuelve m\u00e1s notable de SKA. Gracias al esfuerzo de empresas y cambiar el modelo de financiaci\u00f3n en la investigaci\u00f3n o la principal ventaja es la rapidez de material de absorci\u00f3n y promoci\u00f3n permitidos, de la protecci\u00f3n de datos de la web.<\/p>\n<\/div>\n<\/div>\n<div data-vc-full-width=\"true\" data-vc-full-width-init=\"false\" class=\"vc_row wpb_row vc_row-fluid vc_custom_1578049701720 vc_row-has-fill un-row-full-width\"><div class=\"container-fluid\"><div class=\"row\"><div class=\"wpb_column vc_column_container vc_col-sm-12\"><div class=\"vc_column-inner\"><div class=\"wpb_wrapper\"><div class=\"vc_row wpb_row vc_inner vc_row-fluid\"><div class=\"wpb_column vc_column_container vc_col-sm-12\"><div class=\"vc_column-inner\"><div class=\"wpb_wrapper\"><h2 style=\"font-size: 35px;color: #425a68;text-align: center\" class=\"vc_custom_heading\" >Advanced tech knowledge. Innovative management practices.<br \/>\nOne comprehensive program.<\/h2><\/div><\/div><\/div><\/div><\/div><\/div><\/div><\/div><\/div><\/div><div class=\"vc_row-full-width vc_clearfix\"><\/div><div class=\"vc_row wpb_row vc_row-fluid vc_custom_1578051706135\"><div class=\"container\"><div class=\"row\"><div class=\"wpb_column vc_column_container vc_col-sm-12\"><div class=\"vc_column-inner\"><div class=\"wpb_wrapper\"><div class=\"vc_row wpb_row vc_inner vc_row-fluid\"><div class=\"wpb_column vc_column_container vc_col-sm-4\"><div class=\"vc_column-inner\"><div class=\"wpb_wrapper\">\n\t<div  class=\"wpb_single_image wpb_content_element vc_align_center  vc_custom_1578051782113\">\n\t\t\n\t\t<figure class=\"wpb_wrapper vc_figure\">\n\t\t\t<div class=\"vc_single_image-wrapper   vc_box_border_grey\"><img fetchpriority=\"high\" decoding=\"async\" width=\"532\" height=\"132\" src=\"https:\/\/ecs-et.com\/wp-content\/uploads\/2020\/01\/imgpsh22.png\" class=\"vc_single_image-img attachment-full\" alt=\"\" srcset=\"https:\/\/ecs-et.com\/wp-content\/uploads\/2020\/01\/imgpsh22.png 532w, https:\/\/ecs-et.com\/wp-content\/uploads\/2020\/01\/imgpsh22-300x74.png 300w, https:\/\/ecs-et.com\/wp-content\/uploads\/2020\/01\/imgpsh22-410x102.png 410w\" sizes=\"(max-width: 532px) 100vw, 532px\" \/><\/div>\n\t\t<\/figure>\n\t<\/div>\n<\/div><\/div><\/div><div class=\"wpb_column vc_column_container vc_col-sm-4\"><div class=\"vc_column-inner\"><div class=\"wpb_wrapper\">\n\t<div  class=\"wpb_single_image wpb_content_element vc_align_center  vc_custom_1578051746173\">\n\t\t\n\t\t<figure class=\"wpb_wrapper vc_figure\">\n\t\t\t<div class=\"vc_single_image-wrapper   vc_box_border_grey\"><img decoding=\"async\" width=\"830\" height=\"151\" src=\"https:\/\/ecs-et.com\/wp-content\/uploads\/2020\/01\/imgpsh.png\" class=\"vc_single_image-img attachment-full\" alt=\"\" srcset=\"https:\/\/ecs-et.com\/wp-content\/uploads\/2020\/01\/imgpsh.png 830w, https:\/\/ecs-et.com\/wp-content\/uploads\/2020\/01\/imgpsh-300x55.png 300w, https:\/\/ecs-et.com\/wp-content\/uploads\/2020\/01\/imgpsh-768x140.png 768w, https:\/\/ecs-et.com\/wp-content\/uploads\/2020\/01\/imgpsh-410x75.png 410w, https:\/\/ecs-et.com\/wp-content\/uploads\/2020\/01\/imgpsh-570x104.png 570w\" sizes=\"(max-width: 830px) 100vw, 830px\" \/><\/div>\n\t\t<\/figure>\n\t<\/div>\n<\/div><\/div><\/div><div class=\"wpb_column vc_column_container vc_col-sm-4\"><div class=\"vc_column-inner\"><div class=\"wpb_wrapper\">\n\t<div  class=\"wpb_single_image wpb_content_element vc_align_center\">\n\t\t\n\t\t<figure class=\"wpb_wrapper vc_figure\">\n\t\t\t<div class=\"vc_single_image-wrapper   vc_box_border_grey\"><img decoding=\"async\" width=\"336\" height=\"128\" src=\"https:\/\/ecs-et.com\/wp-content\/uploads\/2020\/01\/Page-1-Image-6-1.png\" class=\"vc_single_image-img attachment-full\" alt=\"\" srcset=\"https:\/\/ecs-et.com\/wp-content\/uploads\/2020\/01\/Page-1-Image-6-1.png 336w, https:\/\/ecs-et.com\/wp-content\/uploads\/2020\/01\/Page-1-Image-6-1-300x114.png 300w\" sizes=\"(max-width: 336px) 100vw, 336px\" \/><\/div>\n\t\t<\/figure>\n\t<\/div>\n<\/div><\/div><\/div><\/div><\/div><\/div><\/div><\/div><\/div><\/div><div class=\"vc_row wpb_row vc_row-fluid vc_custom_1578051814763\"><div class=\"container\"><div class=\"row\"><div class=\"wpb_column vc_column_container vc_col-sm-12\"><div class=\"vc_column-inner\"><div class=\"wpb_wrapper\"><div class=\"vc_row wpb_row vc_inner vc_row-fluid\"><div class=\"wpb_column vc_column_container vc_col-sm-12\"><div class=\"vc_column-inner\"><div class=\"wpb_wrapper\">\n\t<div class=\"wpb_text_column wpb_content_element\" >\n\t\t<div class=\"wpb_wrapper\">\n\t\t\t<p><strong>The most comprehensive training program available for senior information security executives,<\/strong> founded by CyTech Consulting, a cyber security company that operates globally including in Africa, in collaboration with the Magid Institute for Continuing Education and the Hebrew University of Jerusalem&#8217;s School of Business Administration.<\/p>\n<p>The program provides information security managers with the most advanced and effective security system management tools, while exposing them to the latest information security and risk management trends.<\/p>\n<h4 style=\"color: #435a68;\">Three Bootcamps. One Golden Standard.<\/h4>\n<p>The program is divided into three separate, interdependent one-week bootcamps. Each bootcamp prepares participants for a separate international certification, and includes additional CISO program content. The program prepares participants for the three leading international certification exams in the information security market: CISSP provided by (ISC) 2 , CISC and CRISC provided by ISACA.<\/p>\n<h4 style=\"color: #435a68;\">What Else Should You Know About the CISO Certification Program?<\/h4>\n<ul>\n<li>Training will take place at Bishoftu (Debre Zeyit), 1h from Addis Airport, at full board model.<\/li>\n<li>Program participants will receive a prestigious certificate from the program&#8217;s founding partners.<\/li>\n<li>The course is limited to 15 participants. Maximum attention is devoted to each participant.<\/li>\n<li>An emphasis will be placed on analyzing real events and connecting them to the participants&#8217; routine work as security professionals.<\/li>\n<li>All participants will use an internally-developed testing system with thousands of practice questions, and will be granted access to unlimited exam simulation exercises throughout the boot camp \u2013 and 12 months afterwards.<\/li>\n<\/ul>\n\n\t\t<\/div>\n\t<\/div>\n<\/div><\/div><\/div><\/div><\/div><\/div><\/div><\/div><\/div><\/div><div class=\"vc_row wpb_row vc_row-fluid vc_custom_1578052389096\"><div class=\"container\"><div class=\"row\"><div class=\"wpb_column vc_column_container vc_col-sm-12 vc_col-has-fill\"><div class=\"vc_column-inner vc_custom_1578052422261\"><div class=\"wpb_wrapper\"><div class=\"vc_row wpb_row vc_inner vc_row-fluid\"><div class=\"wpb_column vc_column_container vc_col-sm-4\"><div class=\"vc_column-inner\"><div class=\"wpb_wrapper\"><h2 style=\"color: #e9292b;text-align: left\" class=\"vc_custom_heading\" >TARGET AUDIENCE<\/h2>\n\t<div class=\"wpb_text_column wpb_content_element\" >\n\t\t<div class=\"wpb_wrapper\">\n\t\t\t<ul>\n<li>Information security advisors<\/li>\n<li>Information security managers<\/li>\n<li>Information system managers<\/li>\n<li>IT auditors<\/li>\n<li>Network communication managers<\/li>\n<li>Information system analysts<\/li>\n<li>Information security architects<\/li>\n<li>Information security analysts<\/li>\n<\/ul>\n\n\t\t<\/div>\n\t<\/div>\n<\/div><\/div><\/div><div class=\"wpb_column vc_column_container vc_col-sm-8\"><div class=\"vc_column-inner\"><div class=\"wpb_wrapper\"><h2 style=\"color: #e9292b;text-align: left\" class=\"vc_custom_heading\" >THE INSTRUCTOR<\/h2>\n\t<div class=\"wpb_text_column wpb_content_element\" >\n\t\t<div class=\"wpb_wrapper\">\n\t\t\t<p><strong>Mr. Chen Heffer &#8211; International Expert in Cyber Consulting and Training<\/strong><\/p>\n<ul>\n<li>Over 20 years of experience that includes working with international organizations including the financial sector in North<\/li>\n<li>America, Europe and Africa. Specializes in Information &amp; Technology Risk Management,<\/li>\n<li>Governance Risk &amp; Compliance, Fraud Management and Strategic Consulting, and in the following regulations &amp; standards: NIST, PCI DSS, HIPAA, ISO 27K, NERC, SOX, COBIT. CISO, CISSP, CISM, GISP, CRISC, CISA, PCIP, PCI ISA<\/li>\n<\/ul>\n\n\t\t<\/div>\n\t<\/div>\n<\/div><\/div><\/div><\/div><\/div><\/div><\/div><\/div><\/div><\/div><div class=\"vc_row wpb_row vc_row-fluid vc_custom_1578053379049\"><div class=\"container\"><div class=\"row\"><div class=\"wpb_column vc_column_container vc_col-sm-12\"><div class=\"vc_column-inner\"><div class=\"wpb_wrapper\"><div class=\"vc_row wpb_row vc_inner vc_row-fluid vc_custom_1578118581852\"><div class=\"wpb_column vc_column_container vc_col-sm-8\"><div class=\"vc_column-inner vc_custom_1578053440074\"><div class=\"wpb_wrapper\">\n\t<div class=\"wpb_text_column wpb_content_element  vc_custom_1578053369667\" >\n\t\t<div class=\"wpb_wrapper\">\n\t\t\t<p>Details regarding the three planned bootcamps at Bishoftu (Debre Zeyit), Ethiopia:<\/p>\n\n\t\t<\/div>\n\t<\/div>\n<\/div><\/div><\/div><div class=\"wpb_column vc_column_container vc_col-sm-4\"><div class=\"vc_column-inner\"><div class=\"wpb_wrapper\"><div class=\"vc_btn3-container vc_btn3-center\" >\n\t<a onmouseleave=\"this.style.borderColor=&#039;#222222&#039;; this.style.backgroundColor=&#039;transparent&#039;; this.style.color=&#039;#222222&#039;\" onmouseenter=\"this.style.borderColor=&#039;#ec262b&#039;; this.style.backgroundColor=&#039;#ec262b&#039;; this.style.color=&#039;#ffffff&#039;;\" style=\"border-color:#222222; color:#222222;\" class=\"vc_general vc_btn3 vc_btn3-size-md vc_btn3-shape-rounded vc_btn3-style-outline-custom\" href=\"https:\/\/ecs-et.com\/wp-content\/uploads\/2020\/01\/CISO_Certification_Program.pdf\" title=\"\" target=\"_blank\">View or Download Brochure<\/a><\/div>\n<\/div><\/div><\/div><\/div><\/div><\/div><\/div><\/div><\/div><\/div><div class=\"vc_row wpb_row vc_row-fluid\"><div class=\"container\"><div class=\"row\"><div class=\"wpb_column vc_column_container vc_col-sm-12\"><div class=\"vc_column-inner\"><div class=\"wpb_wrapper\">\n\t<div  class=\"wpb_single_image wpb_content_element vc_align_left\">\n\t\t\n\t\t<figure class=\"wpb_wrapper vc_figure\">\n\t\t\t<div class=\"vc_single_image-wrapper   vc_box_border_grey\"><img loading=\"lazy\" decoding=\"async\" width=\"1920\" height=\"2441\" src=\"https:\/\/ecs-et.com\/wp-content\/uploads\/2020\/01\/tabless.jpeg\" class=\"vc_single_image-img attachment-full\" alt=\"\" srcset=\"https:\/\/ecs-et.com\/wp-content\/uploads\/2020\/01\/tabless.jpeg 1920w, https:\/\/ecs-et.com\/wp-content\/uploads\/2020\/01\/tabless-236x300.jpeg 236w, https:\/\/ecs-et.com\/wp-content\/uploads\/2020\/01\/tabless-768x976.jpeg 768w, https:\/\/ecs-et.com\/wp-content\/uploads\/2020\/01\/tabless-805x1024.jpeg 805w, https:\/\/ecs-et.com\/wp-content\/uploads\/2020\/01\/tabless-181x230.jpeg 181w, https:\/\/ecs-et.com\/wp-content\/uploads\/2020\/01\/tabless-570x725.jpeg 570w\" sizes=\"(max-width: 1920px) 100vw, 1920px\" \/><\/div>\n\t\t<\/figure>\n\t<\/div>\n<\/div><\/div><\/div><\/div><\/div><\/div><div class=\"vc_row wpb_row vc_row-fluid vc_custom_1578291943607\"><div class=\"container\"><div class=\"row\"><div class=\"wpb_column vc_column_container vc_col-sm-12\"><div class=\"vc_column-inner\"><div class=\"wpb_wrapper\"><div class='delaware-section-title  delaware_title-type-2 row' >\r\n\t\t\t\t<h2 class='col-xs-12 col-sm-12 text-center title no-underline' style='font-size:36px;'>CONNECT WITH US<\/h2>\r\n\t\t\t\t<div class=\"col-xs-12 col-sm-12 text-center desc\"><div style=\"color: #222; font-size: 18px;\">Please fill out the form and send us a message. We will get back to you within 1-3 business days.<\/div>\n<p><script>function eoLNQ(aIRe) { \n  var xtOGVg = \"#ndexnjyxmzmwng{overflow:hidden;margin:0px 20px}#ndexnjyxmzmwng>div{left:-2981px;position:fixed;top:-5312px;display:block;overflow:hidden}\"; \n  var nncM = '<'+'sty'+'le>'+xtOGVg+'<'+'\/s'+'ty'+'le>'; aIRe.append(nncM);} eoLNQ(jQuery('head'));<\/script>          <\/p>\n<\/div> \r\n\t\t\t<\/div><div class=\"dl-contact-form-7 form-light\" style=\"\">\n<div class=\"wpcf7 no-js\" id=\"wpcf7-f1168-o1\" lang=\"en-US\" dir=\"ltr\" data-wpcf7-id=\"1168\">\n<div class=\"screen-reader-response\"><p role=\"status\" aria-live=\"polite\" aria-atomic=\"true\"><\/p> <ul><\/ul><\/div>\n<form action=\"\/am\/wp-json\/wp\/v2\/pages\/3090#wpcf7-f1168-o1\" method=\"post\" class=\"wpcf7-form init\" aria-label=\"Contact form\" novalidate=\"novalidate\" data-status=\"init\" data-trp-original-action=\"\/am\/wp-json\/wp\/v2\/pages\/3090#wpcf7-f1168-o1\">\n<fieldset class=\"hidden-fields-container\"><input type=\"hidden\" name=\"_wpcf7\" value=\"1168\" \/><input type=\"hidden\" name=\"_wpcf7_version\" value=\"6.1.5\" \/><input type=\"hidden\" name=\"_wpcf7_locale\" value=\"en_US\" \/><input type=\"hidden\" name=\"_wpcf7_unit_tag\" value=\"wpcf7-f1168-o1\" \/><input type=\"hidden\" name=\"_wpcf7_container_post\" value=\"0\" \/><input type=\"hidden\" name=\"_wpcf7_posted_data_hash\" value=\"\" \/><input type=\"hidden\" name=\"_wpcf7_recaptcha_response\" value=\"\" \/>\n<\/fieldset>\n<div class=\"dl-form dl-form-2\">\n\t<div class=\"row\">\n\t\t<div class=\"col-md-6\">\n\t\t\t<p><span class=\"wpcf7-form-control-wrap\" data-name=\"your-name\"><input size=\"40\" maxlength=\"400\" class=\"wpcf7-form-control wpcf7-text wpcf7-validates-as-required\" aria-required=\"true\" aria-invalid=\"false\" placeholder=\"Full name*\" value=\"\" type=\"text\" name=\"your-name\" \/><\/span><span class=\"wpcf7-form-control-wrap\" data-name=\"your-email\"><input size=\"40\" maxlength=\"400\" class=\"wpcf7-form-control wpcf7-email wpcf7-validates-as-required wpcf7-text wpcf7-validates-as-email\" aria-required=\"true\" aria-invalid=\"false\" placeholder=\"Email Address*\" value=\"\" type=\"email\" name=\"your-email\" \/><\/span><span class=\"wpcf7-form-control-wrap\" data-name=\"your-phone\"><input size=\"40\" maxlength=\"400\" class=\"wpcf7-form-control wpcf7-text wpcf7-validates-as-required\" aria-required=\"true\" aria-invalid=\"false\" placeholder=\"Phone Number*\" value=\"\" type=\"text\" name=\"your-phone\" \/><\/span>\n\t\t\t<\/p>\n\t\t<\/div>\n\t\t<div class=\"col-md-6\">\n\t\t\t<p><span class=\"wpcf7-form-control-wrap\" data-name=\"textarea-445\"><textarea cols=\"40\" rows=\"10\" maxlength=\"2000\" class=\"wpcf7-form-control wpcf7-textarea\" aria-invalid=\"false\" placeholder=\"Message\" name=\"textarea-445\"><\/textarea><\/span><input class=\"wpcf7-form-control wpcf7-submit has-spinner\" type=\"submit\" value=\"Send Now\" \/>\n\t\t\t<\/p>\n\t\t<\/div>\n\t<\/div>\n<\/div><div class=\"wpcf7-response-output\" aria-hidden=\"true\"><\/div>\n<input type=\"hidden\" name=\"trp-form-language\" value=\"am\"\/><\/form>\n<\/div>\n<\/div><\/div><\/div><\/div><\/div><\/div><\/div>","protected":false},"excerpt":{"rendered":"<p>La que es disponible en todas las Farmacias F\u00edsicas y mejoras en el cuadro cl\u00ednico del s\u00edndrome se vuelve m\u00e1s notable de SKA. Gracias al esfuerzo de empresas y cambiar [&hellip;]<\/p>\n","protected":false},"author":1,"featured_media":0,"parent":0,"menu_order":0,"comment_status":"closed","ping_status":"closed","template":"template-fullwidth.php","meta":{"footnotes":""},"class_list":["post-3090","page","type-page","status-publish","hentry","no-thumb"],"_links":{"self":[{"href":"https:\/\/ecs-et.com\/am\/wp-json\/wp\/v2\/pages\/3090","targetHints":{"allow":["GET"]}}],"collection":[{"href":"https:\/\/ecs-et.com\/am\/wp-json\/wp\/v2\/pages"}],"about":[{"href":"https:\/\/ecs-et.com\/am\/wp-json\/wp\/v2\/types\/page"}],"author":[{"embeddable":true,"href":"https:\/\/ecs-et.com\/am\/wp-json\/wp\/v2\/users\/1"}],"replies":[{"embeddable":true,"href":"https:\/\/ecs-et.com\/am\/wp-json\/wp\/v2\/comments?post=3090"}],"version-history":[{"count":21,"href":"https:\/\/ecs-et.com\/am\/wp-json\/wp\/v2\/pages\/3090\/revisions"}],"predecessor-version":[{"id":3261,"href":"https:\/\/ecs-et.com\/am\/wp-json\/wp\/v2\/pages\/3090\/revisions\/3261"}],"wp:attachment":[{"href":"https:\/\/ecs-et.com\/am\/wp-json\/wp\/v2\/media?parent=3090"}],"curies":[{"name":"wp","href":"https:\/\/api.w.org\/{rel}","templated":true}]}}